{"id":7,"date":"2012-02-01T21:51:20","date_gmt":"2012-02-01T21:51:20","guid":{"rendered":"\/justice-court\/?page_id=7"},"modified":"2026-01-09T13:52:42","modified_gmt":"2026-01-09T20:52:42","slug":"home","status":"publish","type":"page","link":"https:\/\/www.springvilleutah.gov\/justice-court\/","title":{"rendered":"Home"},"content":{"rendered":"<div style=\"margin-top: -2em; margin-left: -2%; margin-right: -2%;\"><img decoding=\"async\" class=\"d-block lazyload\" data-src=\"\/justice-court\/wp-content\/uploads\/sites\/9\/2022\/12\/Justice-Court.jpg\" alt=\"Springville Justice Court\" width=\"100%\" src=\"data:image\/svg+xml;base64,PHN2ZyB3aWR0aD0iMSIgaGVpZ2h0PSIxIiB4bWxucz0iaHR0cDovL3d3dy53My5vcmcvMjAwMC9zdmciPjwvc3ZnPg==\" style=\"--smush-placeholder-width: 1500px; --smush-placeholder-aspect-ratio: 1500\/300;\" \/><\/div>\n<div class=\"position-absolute top-0 start-50 translate-middle-x\" style=\"width: 100%; max-width: 1500px;\"><img decoding=\"async\" class=\"img-fluid mx-auto d-block col-5 col-md-4 pt-5 lazyload\" data-src=\"\/justice-court\/wp-content\/uploads\/sites\/9\/2022\/12\/Justice-Court-Logo-White.png\" alt=\"Springville Administration Logo\" src=\"data:image\/svg+xml;base64,PHN2ZyB3aWR0aD0iMSIgaGVpZ2h0PSIxIiB4bWxucz0iaHR0cDovL3d3dy53My5vcmcvMjAwMC9zdmciPjwvc3ZnPg==\" style=\"--smush-placeholder-width: 1042px; --smush-placeholder-aspect-ratio: 1042\/639;\" \/><\/div>\n<p><!--- START MYCOURTCASE --><\/p>\n<div class=\"card col-6 col-md-4 col-lg-3 border-0 float-start p-3\">\n<div class=\"card-header bg-dark ps-2 pe-2 ps-lg-4\"><a class=\"card-title text-light\" href=\"\/justice-court\/home\/mycourtcase\/\">MyCourtCase<\/a><\/div>\n<div class=\"card-body p-0\"><a href=\"\/justice-court\/home\/mycourtcase\/\"><img decoding=\"async\" data-src=\"https:\/\/www.springvilleutah.gov\/justice-court\/wp-content\/smush-webp\/sites\/9\/2025\/09\/MyCourtCase-1.jpg.webp\" alt=\"Files\" width=\"100%\" src=\"data:image\/svg+xml;base64,PHN2ZyB3aWR0aD0iMSIgaGVpZ2h0PSIxIiB4bWxucz0iaHR0cDovL3d3dy53My5vcmcvMjAwMC9zdmciPjwvc3ZnPg==\" class=\"lazyload\" style=\"--smush-placeholder-width: 810px; --smush-placeholder-aspect-ratio: 810\/810;\" data-srcset=\"https:\/\/www.springvilleutah.gov\/justice-court\/wp-content\/smush-webp\/sites\/9\/2025\/09\/MyCourtCase-1.jpg.webp 810w, https:\/\/www.springvilleutah.gov\/justice-court\/wp-content\/smush-webp\/sites\/9\/2025\/09\/MyCourtCase-1-300x300.jpg.webp 300w, https:\/\/www.springvilleutah.gov\/justice-court\/wp-content\/smush-webp\/sites\/9\/2025\/09\/MyCourtCase-1-150x150.jpg.webp 150w, https:\/\/www.springvilleutah.gov\/justice-court\/wp-content\/smush-webp\/sites\/9\/2025\/09\/MyCourtCase-1-768x768.jpg.webp 768w\" data-sizes=\"auto\" data-original-sizes=\"(max-width: 810px) 100vw, 810px\" \/><\/a><\/div>\n<\/div>\n<p><!--- END MYCOURTCASE --><\/p>\n<p><!--- START INFORMATION --><\/p>\n<div class=\"card col-6 col-md-4 col-lg-3 border-0 float-start p-3\">\n<div class=\"card-header bg-dark ps-2 pe-2 ps-lg-4\"><a class=\"card-title text-light\" href=\"\/justice-court\/information\/\">Information<\/a><\/div>\n<div class=\"card-body p-0\"><a href=\"\/justice-court\/information\/\"><img decoding=\"async\" data-src=\"https:\/\/www.springvilleutah.gov\/justice-court\/wp-content\/smush-webp\/sites\/9\/2025\/09\/Information-1.jpg.webp\" alt=\"Court Information\" width=\"100%\" src=\"data:image\/svg+xml;base64,PHN2ZyB3aWR0aD0iMSIgaGVpZ2h0PSIxIiB4bWxucz0iaHR0cDovL3d3dy53My5vcmcvMjAwMC9zdmciPjwvc3ZnPg==\" class=\"lazyload\" style=\"--smush-placeholder-width: 810px; --smush-placeholder-aspect-ratio: 810\/810;\" data-srcset=\"https:\/\/www.springvilleutah.gov\/justice-court\/wp-content\/smush-webp\/sites\/9\/2025\/09\/Information-1.jpg.webp 810w, https:\/\/www.springvilleutah.gov\/justice-court\/wp-content\/smush-webp\/sites\/9\/2025\/09\/Information-1-300x300.jpg.webp 300w, https:\/\/www.springvilleutah.gov\/justice-court\/wp-content\/smush-webp\/sites\/9\/2025\/09\/Information-1-150x150.jpg.webp 150w, https:\/\/www.springvilleutah.gov\/justice-court\/wp-content\/smush-webp\/sites\/9\/2025\/09\/Information-1-768x768.jpg.webp 768w\" data-sizes=\"auto\" data-original-sizes=\"(max-width: 810px) 100vw, 810px\" \/><\/a><\/div>\n<\/div>\n<p><!--- END INFORMATION --><\/p>\n<p><!--- START TRAFFIC TICKET --><\/p>\n<div class=\"card col-6 col-md-4 col-lg-3 border-0 float-start p-3\">\n<div class=\"card-header bg-dark ps-2 pe-2 ps-lg-4\"><a class=\"card-title text-light\" href=\"\/justice-court\/traffic-ticket-information\/\">Traffic Ticket<\/a><\/div>\n<div class=\"card-body p-0\"><a href=\"\/justice-court\/traffic-ticket-information\/\"><img decoding=\"async\" data-src=\"\/police\/wp-content\/uploads\/sites\/12\/2022\/11\/Patrol.jpg\" alt=\"Traffic Ticket\" width=\"100%\" src=\"data:image\/svg+xml;base64,PHN2ZyB3aWR0aD0iMSIgaGVpZ2h0PSIxIiB4bWxucz0iaHR0cDovL3d3dy53My5vcmcvMjAwMC9zdmciPjwvc3ZnPg==\" class=\"lazyload\" \/><\/a><\/div>\n<\/div>\n<p><!--- END TRAFFIC TICKET --><\/p>\n<p><!--- START PAY --><\/p>\n<div class=\"card col-6 col-md-4 col-lg-3 border-0 float-start p-3\">\n<div class=\"card-header bg-dark ps-2 pe-2 ps-lg-4\"><a class=\"card-title text-light\" href=\"\/justice-court\/payments\/\">Pay<\/a><\/div>\n<div class=\"card-body p-0\"><a href=\"\/justice-court\/payments\/\"><img decoding=\"async\" data-src=\"\/justice-court\/wp-content\/uploads\/sites\/9\/2023\/01\/Pay.jpg\" alt=\"Pay\" width=\"100%\" src=\"data:image\/svg+xml;base64,PHN2ZyB3aWR0aD0iMSIgaGVpZ2h0PSIxIiB4bWxucz0iaHR0cDovL3d3dy53My5vcmcvMjAwMC9zdmciPjwvc3ZnPg==\" class=\"lazyload\" style=\"--smush-placeholder-width: 810px; --smush-placeholder-aspect-ratio: 810\/810;\" \/><\/a><\/div>\n<\/div>\n<p><!--- END PAY --><\/p>\n<p><!--- START SMALL CLAIMS --><\/p>\n<div class=\"card col-6 col-md-4 col-lg-3 border-0 float-start p-3\">\n<div class=\"card-header bg-dark ps-2 pe-2 ps-lg-4\"><a class=\"card-title text-light\" href=\"\/justice-court\/home\/small-claims\/\">Small Claims<\/a><\/div>\n<div class=\"card-body p-0\"><a href=\"\/justice-court\/home\/small-claims\/\"><img decoding=\"async\" data-src=\"\/justice-court\/wp-content\/uploads\/sites\/9\/2023\/01\/Small-Claims.jpg\" alt=\"Small Claims\" width=\"100%\" src=\"data:image\/svg+xml;base64,PHN2ZyB3aWR0aD0iMSIgaGVpZ2h0PSIxIiB4bWxucz0iaHR0cDovL3d3dy53My5vcmcvMjAwMC9zdmciPjwvc3ZnPg==\" class=\"lazyload\" style=\"--smush-placeholder-width: 810px; --smush-placeholder-aspect-ratio: 810\/810;\" \/><\/a><\/div>\n<\/div>\n<p><!--- END SMALL CLAIMS --><\/p>\n<p><!--- START EXPUNGEMENTS --><\/p>\n<div class=\"card col-6 col-md-4 col-lg-3 border-0 float-start p-3\">\n<div class=\"card-header bg-dark ps-2 pe-2 ps-lg-4\"><a class=\"card-title text-light\" href=\"\/justice-court\/expungments\/\">Expungements<\/a><\/div>\n<div class=\"card-body p-0\"><a href=\"\/justice-court\/expungments\/\"><img decoding=\"async\" data-src=\"\/justice-court\/wp-content\/uploads\/sites\/9\/2023\/01\/Erase.jpg\" alt=\"Expungement\" width=\"100%\" src=\"data:image\/svg+xml;base64,PHN2ZyB3aWR0aD0iMSIgaGVpZ2h0PSIxIiB4bWxucz0iaHR0cDovL3d3dy53My5vcmcvMjAwMC9zdmciPjwvc3ZnPg==\" class=\"lazyload\" style=\"--smush-placeholder-width: 810px; --smush-placeholder-aspect-ratio: 810\/810;\" \/><\/a><\/div>\n<\/div>\n<p><!--- END EXPUNGEMENTS --><\/p>\n<p><!--- START STATE INFO --><\/p>\n<div class=\"card col-6 col-md-4 col-lg-3 border-0 float-start p-3\">\n<div class=\"card-header bg-dark ps-2 pe-2 ps-lg-4\"><a class=\"card-title text-light\" href=\"\/justice-court\/information-link\/\">State Info<\/a><\/div>\n<div class=\"card-body p-0\"><a href=\"\/justice-court\/information-link\/\"><img decoding=\"async\" data-src=\"\/justice-court\/wp-content\/uploads\/sites\/9\/2023\/01\/Utah-State-Capitol.jpg\" alt=\"Utah State Capitol\" width=\"100%\" src=\"data:image\/svg+xml;base64,PHN2ZyB3aWR0aD0iMSIgaGVpZ2h0PSIxIiB4bWxucz0iaHR0cDovL3d3dy53My5vcmcvMjAwMC9zdmciPjwvc3ZnPg==\" class=\"lazyload\" style=\"--smush-placeholder-width: 810px; --smush-placeholder-aspect-ratio: 810\/810;\" \/><\/a><\/div>\n<\/div>\n<p><!--- END STATE INFO --><\/p>\n<p><!--- START REQUEST TO JUDGE --><\/p>\n<div class=\"card col-6 col-md-4 col-lg-3 border-0 float-start p-3\">\n<div class=\"card-header bg-dark ps-2 pe-2 ps-lg-4\"><a class=\"card-title text-light\" href=\"\/justice-court\/request-to-judge\/\">Request to Judge<\/a><\/div>\n<div class=\"card-body p-0\"><a href=\"\/justice-court\/request-to-judge\/\"><img decoding=\"async\" data-src=\"\/justice-court\/wp-content\/uploads\/sites\/9\/2023\/01\/Request-to-Judge.jpg\" alt=\"Judge\" width=\"100%\" src=\"data:image\/svg+xml;base64,PHN2ZyB3aWR0aD0iMSIgaGVpZ2h0PSIxIiB4bWxucz0iaHR0cDovL3d3dy53My5vcmcvMjAwMC9zdmciPjwvc3ZnPg==\" class=\"lazyload\" style=\"--smush-placeholder-width: 810px; --smush-placeholder-aspect-ratio: 810\/810;\" \/><\/a><\/div>\n<\/div>\n<p><!--- END REQUEST TO JUDGE --><\/p>\n<p><!----- OLD\n\n\n<div class=\"card col-6 col-lg-4 col-xl-3 float-start border-0 p-3\">\n\n\n<div class=\"card-body bg-dark\">\n<a href=\"\/justice-court\/wp-content\/uploads\/sites\/9\/2020\/09\/2020-Bail-Schedule.pdf\" target=\"_blank\" rel=\"noopener\"><img decoding=\"async\" data-src=\"\/justice-court\/wp-content\/uploads\/sites\/9\/2021\/01\/noun_bail_2621256.png\" alt=\"bail schedule\" width=\"100%\" src=\"data:image\/svg+xml;base64,PHN2ZyB3aWR0aD0iMSIgaGVpZ2h0PSIxIiB4bWxucz0iaHR0cDovL3d3dy53My5vcmcvMjAwMC9zdmciPjwvc3ZnPg==\" class=\"lazyload\" style=\"--smush-placeholder-width: 512px; --smush-placeholder-aspect-ratio: 512\/512;\"><\/a><\/div>\n\n\n\n\n<div class=\"card-footer bg-dark text-center ps-0 pe-0 ps-lg-3 pe-lg-3\"><a href=\"\/justice-court\/wp-content\/uploads\/sites\/9\/2014\/06\/bail-schedule.pdf\" target=\"_blank\" class=\"text-light\" rel=\"noopener\">Bail Schedule<\/a><\/div>\n\n\n<\/div>\n\n\n\n\n<div class=\"card col-6 col-lg-4 col-xl-3 float-start border-0 p-3\">\n\n\n<div class=\"card-body bg-dark\">\n<a href=\"\/justice-court\/expungments\/\"><img decoding=\"async\" data-src=\"\/justice-court\/wp-content\/uploads\/sites\/9\/2023\/01\/Erase.jpg\" alt=\"expungement\" width=\"100%\" src=\"data:image\/svg+xml;base64,PHN2ZyB3aWR0aD0iMSIgaGVpZ2h0PSIxIiB4bWxucz0iaHR0cDovL3d3dy53My5vcmcvMjAwMC9zdmciPjwvc3ZnPg==\" class=\"lazyload\" style=\"--smush-placeholder-width: 810px; --smush-placeholder-aspect-ratio: 810\/810;\"><\/a><\/div>\n\n\n\n\n<div class=\"card-footer bg-dark text-center ps-0 pe-0 ps-lg-3 pe-lg-3\"><a href=\"\/justice-court\/expungments\/\" class=\"text-light\">Expungements<\/a><\/div>\n\n\n<\/div>\n\n\n\n\n<div class=\"card col-6 col-lg-4 col-xl-3 float-start border-0 p-3\">\n\n\n<div class=\"card-body bg-dark\">\n<a href=\"\/justice-court\/payments\/\"><img decoding=\"async\" data-src=\"\/justice-court\/wp-content\/uploads\/sites\/9\/2023\/01\/Pay.jpg\" alt=\"pay\" width=\"100%\" src=\"data:image\/svg+xml;base64,PHN2ZyB3aWR0aD0iMSIgaGVpZ2h0PSIxIiB4bWxucz0iaHR0cDovL3d3dy53My5vcmcvMjAwMC9zdmciPjwvc3ZnPg==\" class=\"lazyload\" style=\"--smush-placeholder-width: 810px; --smush-placeholder-aspect-ratio: 810\/810;\"><\/a><\/div>\n\n\n\n\n<div class=\"card-footer bg-dark text-center\"><a href=\"\/justice-court\/payments\/\" class=\"text-light\">Pay<\/a><\/div>\n\n\n<\/div>\n\n\n\n\n<div class=\"card col-6 col-lg-4 col-xl-3 float-start border-0 p-3\">\n\n\n<div class=\"card-body bg-dark\">\n<a href=\"\/justice-court\/request-to-judge\/\"><img decoding=\"async\" data-src=\"\/justice-court\/wp-content\/uploads\/sites\/9\/2023\/01\/Judge.jpg\" alt=\"request to judge\" width=\"100%\" src=\"data:image\/svg+xml;base64,PHN2ZyB3aWR0aD0iMSIgaGVpZ2h0PSIxIiB4bWxucz0iaHR0cDovL3d3dy53My5vcmcvMjAwMC9zdmciPjwvc3ZnPg==\" class=\"lazyload\"><\/a><\/div>\n\n\n\n\n<div class=\"card-footer bg-dark text-center ps-0 pe-0 ps-lg-3 pe-lg-3\"><a href=\"\/justice-court\/request-to-judge\/\" class=\"text-light\">Request to Judge<\/a><\/div>\n\n\n<\/div>\n\n\n\n\n<div class=\"card col-6 col-lg-4 col-xl-3 float-start border-0 p-3\">\n\n\n<div class=\"card-body bg-dark\">\n<a href=\"\/justice-court\/home\/small-claims\/\"><img decoding=\"async\" data-src=\"\/justice-court\/wp-content\/uploads\/sites\/9\/2023\/01\/Small-Claims.jpg\" alt=\"small claims\" width=\"100%\" src=\"data:image\/svg+xml;base64,PHN2ZyB3aWR0aD0iMSIgaGVpZ2h0PSIxIiB4bWxucz0iaHR0cDovL3d3dy53My5vcmcvMjAwMC9zdmciPjwvc3ZnPg==\" class=\"lazyload\" style=\"--smush-placeholder-width: 810px; --smush-placeholder-aspect-ratio: 810\/810;\"><\/a><\/div>\n\n\n\n\n<div class=\"card-footer bg-dark text-center\"><a href=\"\/justice-court\/home\/small-claims\/\" class=\"text-light\">Small Claims<\/a><\/div>\n\n\n<\/div>\n\n\n\n\n<div class=\"card col-6 col-lg-4 col-xl-3 float-start border-0 p-3\">\n\n\n<div class=\"card-body bg-dark\">\n<a href=\"\/justice-court\/information-link\/\"><img decoding=\"async\" data-src=\"\/justice-court\/wp-content\/uploads\/sites\/9\/2023\/01\/Utah-State-Capitol.jpg\" alt=\"state info\" width=\"100%\" src=\"data:image\/svg+xml;base64,PHN2ZyB3aWR0aD0iMSIgaGVpZ2h0PSIxIiB4bWxucz0iaHR0cDovL3d3dy53My5vcmcvMjAwMC9zdmciPjwvc3ZnPg==\" class=\"lazyload\" style=\"--smush-placeholder-width: 810px; --smush-placeholder-aspect-ratio: 810\/810;\"><\/a><\/div>\n\n\n\n\n<div class=\"card-footer bg-dark text-center\"><a href=\"\/justice-court\/information-link\/\" class=\"text-light\">State Info<\/a><\/div>\n\n\n<\/div>\n\n\n\n\n<div class=\"card col-6 col-lg-4 col-xl-3 float-start border-0 p-3\">\n\n\n<div class=\"card-body bg-dark\">\n<a href=\"\/justice-court\/traffic-ticket-information\/\"><img decoding=\"async\" data-src=\"\/justice-court\/wp-content\/uploads\/sites\/9\/2021\/01\/noun_Police-Car_1284959.png\" alt=\"traffic ticket\" width=\"100%\" src=\"data:image\/svg+xml;base64,PHN2ZyB3aWR0aD0iMSIgaGVpZ2h0PSIxIiB4bWxucz0iaHR0cDovL3d3dy53My5vcmcvMjAwMC9zdmciPjwvc3ZnPg==\" class=\"lazyload\" style=\"--smush-placeholder-width: 512px; --smush-placeholder-aspect-ratio: 512\/512;\"><\/a><\/div>\n\n\n\n\n<div class=\"card-footer bg-dark text-center ps-0 pe-0 ps-lg-3 pe-lg-3\"><a href=\"\/police\/wp-content\/uploads\/sites\/12\/2022\/11\/Patrol.jpg\" class=\"text-light\">Traffic Ticket<\/a><\/div>\n\n\n<\/div>\n\n\n\n\n<div class=\"card col-6 col-lg-4 col-xl-3 float-start border-0 mb-5 p-3\">\n\n\n<div class=\"card-body bg-dark\">\n<a href=\"\/justice-court\/video-hearings\/\"><img decoding=\"async\" data-src=\"\/justice-court\/wp-content\/uploads\/sites\/9\/2021\/01\/noun_conference_1599685.png\" alt=\"video hearings\" width=\"100%\" src=\"data:image\/svg+xml;base64,PHN2ZyB3aWR0aD0iMSIgaGVpZ2h0PSIxIiB4bWxucz0iaHR0cDovL3d3dy53My5vcmcvMjAwMC9zdmciPjwvc3ZnPg==\" class=\"lazyload\" style=\"--smush-placeholder-width: 512px; --smush-placeholder-aspect-ratio: 512\/512;\"><\/a><\/div>\n\n\n\n\n<div class=\"card-footer bg-dark text-center ps-0 pe-0 ps-lg-3 pe-lg-3\"><a href=\"\/justice-court\/video-hearings\/\" class=\"text-light\">Video Hearings<\/a><\/div>\n\n\n<\/div>\n\n\n------------------><\/p>\n<div class=\"clearfix\"><\/div>\n<div class=\"alert alert-secondary mt-4\" role=\"alert\">\n<p>Most hearings are currently being held remotely using the Webex platform. The link you will need to attend the hearing will be emailed to you. Small claims and bench trials are held in person.<\/p>\n<p>All counsel\/parties\/witnesses will need to have a fully functioning webcam and microphone. It can be a laptop, tablet or cell phone. Parties\/witnesses may attend the video conference with counsel using the same device. Please make sure you have a stable wifi connection at the time of your hearing.<\/p>\n<p>If evidence will be taken, please submit 2 paper copies of the exhibits at least 7 days prior to the hearing. The courthouse has public computers available if needed. If you have any questions, please contact the judicial assistants at <a href=\"tel:18014892707\">(801) 489-2707<\/a>.<\/p>\n<\/div>\n<div class=\"card-deck mb-5\">\n<div class=\"card col-12 col-md-6 float-start border-0 p-3\">\n<div class=\"card-header bg-light text-center\"><a class=\"text-dark\" href=\"https:\/\/www.utcourts.gov\/cal\/\" target=\"_blank\" rel=\"noopener\">Calendar<\/a><\/div>\n<div class=\"card-body bg-light\"><a href=\"https:\/\/www.utcourts.gov\/cal\/\" target=\"_blank\" rel=\"noopener\"><img decoding=\"async\" class=\"col-12 col-lg-6 float-start lazyload\" data-src=\"https:\/\/www.springvilleutah.gov\/justice-court\/wp-content\/smush-webp\/sites\/9\/2025\/09\/noun_Calendar_9656-1-1.png.webp\" alt=\"calendar\" width=\"100%\" src=\"data:image\/svg+xml;base64,PHN2ZyB3aWR0aD0iMSIgaGVpZ2h0PSIxIiB4bWxucz0iaHR0cDovL3d3dy53My5vcmcvMjAwMC9zdmciPjwvc3ZnPg==\" style=\"--smush-placeholder-width: 512px; --smush-placeholder-aspect-ratio: 512\/512;\" data-srcset=\"https:\/\/www.springvilleutah.gov\/justice-court\/wp-content\/smush-webp\/sites\/9\/2025\/09\/noun_Calendar_9656-1-1.png.webp 512w, https:\/\/www.springvilleutah.gov\/justice-court\/wp-content\/smush-webp\/sites\/9\/2025\/09\/noun_Calendar_9656-1-1-300x300.png.webp 300w, https:\/\/www.springvilleutah.gov\/justice-court\/wp-content\/smush-webp\/sites\/9\/2025\/09\/noun_Calendar_9656-1-1-150x150.png.webp 150w\" data-sizes=\"auto\" data-original-sizes=\"(max-width: 512px) 100vw, 512px\" \/><\/a><\/p>\n<p class=\"text-dark\">All hearings are currently being held remotely. We are using the Webex platform. If you have provided the Court with an email address, you will be sent a link which allows you to log into the hearing. Individuals who wish to observe the proceedings may log in. You may contact the Clerk\u2019s office for an invitation. A Spanish language interpreter is available on Webex by demand. To request an interpreter, please contact the court. Un int\u00e9rprete de espa\u00f1ol est\u00e1 disponible en Webex a pedido. Para solicitar un int\u00e9rprete, comun\u00edquese con el corte.<\/p>\n<p><a class=\"btn btn-info text-light\" href=\"https:\/\/www.utcourts.gov\/cal\/\" target=\"_blank\" rel=\"noopener\">Calendar<\/a><\/p>\n<\/div>\n<\/div>\n<div class=\"card col-12 col-md-6 float-start border-0 p-3\">\n<div class=\"card-header bg-light text-center text-dark\">Fingerprinting<\/div>\n<div class=\"card-body bg-light\">\n<p><img decoding=\"async\" class=\"col-12 col-lg-6 float-start lazyload\" data-src=\"https:\/\/www.springvilleutah.gov\/justice-court\/wp-content\/smush-webp\/sites\/9\/2025\/09\/noun_Fingerprint_1936828-1.png.webp\" alt=\"fingerprint\" width=\"100%\" src=\"data:image\/svg+xml;base64,PHN2ZyB3aWR0aD0iMSIgaGVpZ2h0PSIxIiB4bWxucz0iaHR0cDovL3d3dy53My5vcmcvMjAwMC9zdmciPjwvc3ZnPg==\" style=\"--smush-placeholder-width: 512px; --smush-placeholder-aspect-ratio: 512\/512;\" data-srcset=\"https:\/\/www.springvilleutah.gov\/justice-court\/wp-content\/smush-webp\/sites\/9\/2025\/09\/noun_Fingerprint_1936828-1.png.webp 512w, https:\/\/www.springvilleutah.gov\/justice-court\/wp-content\/smush-webp\/sites\/9\/2025\/09\/noun_Fingerprint_1936828-1-300x300.png.webp 300w, https:\/\/www.springvilleutah.gov\/justice-court\/wp-content\/smush-webp\/sites\/9\/2025\/09\/noun_Fingerprint_1936828-1-150x150.png.webp 150w\" data-sizes=\"auto\" data-original-sizes=\"(max-width: 512px) 100vw, 512px\" \/><\/p>\n<p class=\"text-dark\">Fingerprints are completed at the Utah County Jail. There is a $15 CASH ONLY fee to get them done. You will need to obtain a fingerprint order from the court to take with you to the jail to complete your fingerprints and bring those documents and any they give you back to the court.<\/p>\n<\/div>\n<\/div>\n<\/div>\n<table class=\"table borderless text-center w-100 my-5\">\n<tr>\n    <!-- Cell 1 --><\/p>\n<td class=\"align-top p-4 border rounded shadow-sm\">\n<p><b>To schedule a hearing or provide documents to the court:<\/b><\/p>\n<p>Court Clerks<\/p>\n<p>Monday \u2013 Friday<\/p>\n<p>8:00 am \u2013 5:00 pm<\/p>\n<p>110 South Main Street (1st floor)<\/p>\n<p><a href=\"tel:18014892707\"><strong>(801) 489-2707<\/strong><\/a> &#8211; Office<\/p>\n<p><a href=\"tel:18014917815\"><strong>(801) 491-7815<\/strong><\/a> &#8211; Fax<\/p>\n<p>jcspringville@utcourts.gov<\/p>\n<\/td>\n<p>    <!-- Cell 3 --><\/p>\n<td class=\"align-top p-4 border rounded shadow-sm\">\n<p><b>To set an appointment with the prosecutor:<\/b><\/p>\n<p>Carl Gustaveson<\/p>\n<p>Monday \u2013 Friday<\/p>\n<p>8:00 am \u2013 3:00 pm<\/p>\n<p>110 South Main Street (2nd floor)<\/p>\n<p>801-491-7862<\/p>\n<p>prosecutor@springvilleutah.gov<\/p>\n<\/td>\n<\/tr>\n<\/table>\n<p><a class=\"btn btn-info btn-lg text-light mt-3 mb-4\" href=\"mailto:jcspringville@utcourts.gov\">Email Us<\/a>\n<\/div>\n<\/div>\n<\/div>\n<\/div>\n","protected":false},"excerpt":{"rendered":"<p>MyCourtCase Information Traffic Ticket Pay Small Claims Expungements State Info Request to Judge Most hearings are currently being held remotely using the Webex platform. The link you will need to attend the hearing will be emailed to you. Small claims and bench trials are held in person. All counsel\/parties\/witnesses will need to have a fully [&hellip;]<\/p>\n","protected":false},"author":1,"featured_media":0,"parent":0,"menu_order":0,"comment_status":"closed","ping_status":"open","template":"","meta":{"footnotes":""},"class_list":["post-7","page","type-page","status-publish","hentry"],"_links":{"self":[{"href":"https:\/\/www.springvilleutah.gov\/justice-court\/wp-json\/wp\/v2\/pages\/7","targetHints":{"allow":["GET"]}}],"collection":[{"href":"https:\/\/www.springvilleutah.gov\/justice-court\/wp-json\/wp\/v2\/pages"}],"about":[{"href":"https:\/\/www.springvilleutah.gov\/justice-court\/wp-json\/wp\/v2\/types\/page"}],"author":[{"embeddable":true,"href":"https:\/\/www.springvilleutah.gov\/justice-court\/wp-json\/wp\/v2\/users\/1"}],"replies":[{"embeddable":true,"href":"https:\/\/www.springvilleutah.gov\/justice-court\/wp-json\/wp\/v2\/comments?post=7"}],"version-history":[{"count":0,"href":"https:\/\/www.springvilleutah.gov\/justice-court\/wp-json\/wp\/v2\/pages\/7\/revisions"}],"wp:attachment":[{"href":"https:\/\/www.springvilleutah.gov\/justice-court\/wp-json\/wp\/v2\/media?parent=7"}],"curies":[{"name":"wp","href":"https:\/\/api.w.org\/{rel}","templated":true}]}}